{"id":1791,"date":"2025-08-04T14:59:00","date_gmt":"2025-08-04T17:59:00","guid":{"rendered":"https:\/\/www.bancosemear.com.br\/docs\/?page_id=1791"},"modified":"2025-08-04T17:23:39","modified_gmt":"2025-08-04T20:23:39","slug":"paas-cash-out-inss","status":"publish","type":"page","link":"https:\/\/www.bancosemear.com.br\/docs\/?page_id=1791","title":{"rendered":"PaaS &#8211; Cash-out (INSS)"},"content":{"rendered":"\n<h3 class=\"wp-block-heading\">Descri\u00e7\u00e3o<\/h3>\n\n\n\n<p>Esta API tem por finalidade realizar um pagamento via PIX para outra institui\u00e7\u00e3o, <strong>onde o id de transa\u00e7\u00e3o (TXID) \u00e9 criado automaticamente<\/strong>.<br>No momento do onboarding, o cliente nos envia uma URL do webhook, e assim que a transa\u00e7\u00e3o for confirmada pelo Banco Semear, nossa API realiza uma chamada de confirma\u00e7\u00e3o ao webhook informado.<\/p>\n\n\n\n<h3 class=\"wp-block-heading\">Funcionamento<\/h3>\n\n\n\n<p>Para realizar o pagamento (cash-out) \u00e9 necess\u00e1rio realizar dois passos:<\/p>\n\n\n\n<ul class=\"wp-block-list\">\n<li>Consulta\/Gera\u00e7\u00e3o de token<\/li>\n\n\n\n<li>Requisi\u00e7\u00e3o de pagamento<\/li>\n<\/ul>\n\n\n\n<h3 class=\"wp-block-heading\">Requisi\u00e7\u00e3o de Pagamento (POST)<\/h3>\n\n\n\n<p>Segue exemplo de requisi\u00e7\u00e3o:<\/p>\n\n\n\n<h4 class=\"wp-block-heading\">Endpoints<\/h4>\n\n\n\n<ul class=\"wp-block-list\">\n<li><strong>Produ\u00e7\u00e3o:<\/strong> https:\/\/api2.bancosemear.com.br\/paas-management-api\/v1\/public\/payments<\/li>\n\n\n\n<li><strong>Homologa\u00e7\u00e3o:<\/strong> https:\/\/hmlapi2.bancosemear.com.br\/paas-management-api\/v1\/public\/payments<\/li>\n<\/ul>\n\n\n\n<p><\/p>\n\n\n\n<iframe loading=\"lazy\" src=\"https:\/\/public-files.bancosemear.com.br\/doc\/paas\/paas-management-api\/doc.html#tag\/INSS\" width=\"100%\" height=\"980\" frameborder=\"0\" allowfullscreen><\/iframe>\n\n\n\n<p><\/p>\n","protected":false},"excerpt":{"rendered":"<p>Descri\u00e7\u00e3o Esta API tem por finalidade realizar um pagamento via PIX para outra institui\u00e7\u00e3o, onde o id de transa\u00e7\u00e3o (TXID) \u00e9 criado automaticamente.No momento do onboarding, o cliente nos envia uma URL do webhook, e assim que a transa\u00e7\u00e3o for confirmada pelo Banco Semear, nossa API realiza uma chamada de confirma\u00e7\u00e3o ao webhook informado. Funcionamento &hellip;<\/p>\n<p class=\"read-more\"> <a class=\"\" href=\"https:\/\/www.bancosemear.com.br\/docs\/?page_id=1791\"> <span class=\"screen-reader-text\">PaaS &#8211; Cash-out (INSS)<\/span> Leia mais &raquo;<\/a><\/p>\n","protected":false},"author":14,"featured_media":0,"parent":0,"menu_order":0,"comment_status":"closed","ping_status":"closed","template":"","meta":{"site-sidebar-layout":"default","site-content-layout":"default","ast-global-header-display":"","ast-main-header-display":"","ast-hfb-above-header-display":"","ast-hfb-below-header-display":"","ast-hfb-mobile-header-display":"","site-post-title":"","ast-breadcrumbs-content":"","ast-featured-img":"","footer-sml-layout":"","theme-transparent-header-meta":"","adv-header-id-meta":"","stick-header-meta":"","header-above-stick-meta":"","header-main-stick-meta":"","header-below-stick-meta":"","footnotes":""},"class_list":["post-1791","page","type-page","status-publish","hentry"],"_links":{"self":[{"href":"https:\/\/www.bancosemear.com.br\/docs\/index.php?rest_route=\/wp\/v2\/pages\/1791","targetHints":{"allow":["GET"]}}],"collection":[{"href":"https:\/\/www.bancosemear.com.br\/docs\/index.php?rest_route=\/wp\/v2\/pages"}],"about":[{"href":"https:\/\/www.bancosemear.com.br\/docs\/index.php?rest_route=\/wp\/v2\/types\/page"}],"author":[{"embeddable":true,"href":"https:\/\/www.bancosemear.com.br\/docs\/index.php?rest_route=\/wp\/v2\/users\/14"}],"replies":[{"embeddable":true,"href":"https:\/\/www.bancosemear.com.br\/docs\/index.php?rest_route=%2Fwp%2Fv2%2Fcomments&post=1791"}],"version-history":[{"count":3,"href":"https:\/\/www.bancosemear.com.br\/docs\/index.php?rest_route=\/wp\/v2\/pages\/1791\/revisions"}],"predecessor-version":[{"id":1796,"href":"https:\/\/www.bancosemear.com.br\/docs\/index.php?rest_route=\/wp\/v2\/pages\/1791\/revisions\/1796"}],"wp:attachment":[{"href":"https:\/\/www.bancosemear.com.br\/docs\/index.php?rest_route=%2Fwp%2Fv2%2Fmedia&parent=1791"}],"curies":[{"name":"wp","href":"https:\/\/api.w.org\/{rel}","templated":true}]}}